{"id":11,"date":"2025-02-26T17:31:39","date_gmt":"2025-02-26T16:31:39","guid":{"rendered":"http:\/\/xhhmvez.cluster021.hosting.ovh.net\/index.php\/register\/"},"modified":"2025-05-09T22:17:35","modified_gmt":"2025-05-09T20:17:35","slug":"register","status":"publish","type":"page","link":"https:\/\/www.ciotatsel.ovh\/index.php\/register\/","title":{"rendered":"Adh\u00e9rer \u00e0  CiotatSel"},"content":{"rendered":"\n<p><\/p>\n\n\n<p style=\"text-align: center;\"><strong><span style=\"background-color: var(--wp--preset--color--base); color: var(--wp--preset--color--contrast); font-family: var(--wp--preset--font-family--cardo); font-size: var(--wp--preset--font-size--medium);\">\n<div class=\"um um-register um-16\">\n\t<div class=\"um-form\" data-mode=\"register\">\n\t\t<form method=\"post\" action=\"\">\n\t\t\t<div class=\"um-row-heading\" style=\"margin: 0px 0px 30px 0px;margin-bottom: 0px;border-width: 0px 0px 0px 0px;border-style: solid;border-color: #1e73be;border-radius: 0px 0px 0px 0px;border-bottom-width: 0px;\">information de connexion<\/div><div class=\"um-row _um_row_1 \" style=\"padding: 0px 0px 0px 0px;margin: 0px 0px 30px 0px;margin-top: 0px;border-width: 0px 0px 0px 0px;border-top-width: 0px;border-style: solid;border-color: #1e73be;border-radius: 0px 0px 0px 0px;\"><div class=\"um-col-1\"><div  id=\"um_field_16_last_name\" class=\"um-field um-field-text  um-field-last_name um-field-text um-field-type_text\" data-key=\"last_name\"><div class=\"um-field-label\"><label for=\"last_name-16\">Nom<\/label><div class=\"um-clear\"><\/div><\/div><div class=\"um-field-area\"><input  autocomplete=\"off\" class=\"um-form-field valid \" type=\"text\" name=\"last_name-16\" id=\"last_name-16\" value=\"\" placeholder=\"\" data-validate=\"\" data-key=\"last_name\"  aria-invalid=\"false\" \/>\n\n\t\t\t\t\t\t<\/div><\/div><div  id=\"um_field_16_first_name\" class=\"um-field um-field-text  um-field-first_name um-field-text um-field-type_text\" data-key=\"first_name\"><div class=\"um-field-label\"><label for=\"first_name-16\">Pr\u00e9nom<\/label><div class=\"um-clear\"><\/div><\/div><div class=\"um-field-area\"><input  autocomplete=\"off\" class=\"um-form-field valid \" type=\"text\" name=\"first_name-16\" id=\"first_name-16\" value=\"\" placeholder=\"\" data-validate=\"\" data-key=\"first_name\"  aria-invalid=\"false\" \/>\n\n\t\t\t\t\t\t<\/div><\/div><div  id=\"um_field_16_user_email\" class=\"um-field um-field-text  um-field-user_email um-field-text um-field-type_text\" data-key=\"user_email\"><div class=\"um-field-label\"><label for=\"user_email-16\">Adresse e-mail<\/label><div class=\"um-clear\"><\/div><\/div><div class=\"um-field-area\"><input  autocomplete=\"off\" class=\"um-form-field valid \" type=\"text\" name=\"user_email-16\" id=\"user_email-16\" value=\"\" placeholder=\"\" data-validate=\"unique_email\" data-key=\"user_email\"  aria-invalid=\"false\" \/>\n\n\t\t\t\t\t\t<\/div><\/div><div  id=\"um_field_16_phone_number\" class=\"um-field um-field-tel  um-field-phone_number um-field-tel um-field-type_tel\" data-key=\"phone_number\"><div class=\"um-field-label\"><div class=\"um-field-label-icon\"><i class=\"fas fa-phone\" aria-label=\"Num\u00e9ro de t\u00e9l\u00e9phone\"><\/i><\/div><label for=\"phone_number-16\">Num\u00e9ro de t\u00e9l\u00e9phone<span class=\"um-req\" title=\"Obligatoire\">*<\/span><\/label><div class=\"um-clear\"><\/div><\/div><div class=\"um-field-area\"><input  autocomplete=\"off\" class=\"um-form-field valid \" type=\"tel\" name=\"phone_number-16\" id=\"phone_number-16\" value=\"\" placeholder=\"\" data-validate=\"phone_number\" data-key=\"phone_number\"  aria-invalid=\"false\" \/>\n\n\t\t\t\t\t\t<\/div><\/div><\/div><\/div><div class=\"um-row-heading\" style=\"margin: 0px 0px 30px 0px;margin-bottom: 0px;border-width: 0px 0px 0px 0px;border-style: solid;border-color: #1e73be;border-radius: 0px 0px 0px 0px;border-bottom-width: 0px;\">Adresse<\/div><div class=\"um-row _um_row_2 \" style=\"padding: 0px 0px 0px 0px;margin: 0px 0px 30px 0px;margin-top: 0px;border-width: 0px 0px 0px 0px;border-top-width: 0px;border-style: solid;border-color: #1e73be;border-radius: 0px 0px 0px 0px;\"><div class=\"um-col-1\"><div  id=\"um_field_16_rue\" class=\"um-field um-field-text  um-field-rue um-field-text um-field-type_text\" data-key=\"rue\"><div class=\"um-field-label\"><label for=\"rue-16\">N\u00b0 et nom de la rue<\/label><span class=\"um-tip um-tip-w\" title=\"N\u00b0 rue\"><i class=\"um-icon-help-circled\"><\/i><\/span><div class=\"um-clear\"><\/div><\/div><div class=\"um-field-area\"><input  autocomplete=\"off\" class=\"um-form-field valid not-required \" type=\"text\" name=\"rue-16\" id=\"rue-16\" value=\"\" placeholder=\"\" data-validate=\"alpha_numeric\" data-key=\"rue\"  aria-invalid=\"false\" \/>\n\n\t\t\t\t\t\t<\/div><\/div><div  id=\"um_field_16_rue2\" class=\"um-field um-field-text  um-field-rue2 um-field-text um-field-type_text\" data-key=\"rue2\"><div class=\"um-field-label\"><label for=\"rue2-16\">N\u00b0 et nom de la rue (suite)<\/label><div class=\"um-clear\"><\/div><\/div><div class=\"um-field-area\"><input  autocomplete=\"off\" class=\"um-form-field valid not-required \" type=\"text\" name=\"rue2-16\" id=\"rue2-16\" value=\"\" placeholder=\"\" data-validate=\"alpha_numeric\" data-key=\"rue2\"  aria-invalid=\"false\" \/>\n\n\t\t\t\t\t\t<\/div><\/div><div  id=\"um_field_16_CP\" class=\"um-field um-field-number  um-field-CP um-field-number um-field-type_number\" data-key=\"CP\"><div class=\"um-field-label\"><label for=\"CP-16\">Code postal<span class=\"um-req\" title=\"Obligatoire\">*<\/span><\/label><span class=\"um-tip um-tip-w\" title=\"Code postal\"><i class=\"um-icon-help-circled\"><\/i><\/span><div class=\"um-clear\"><\/div><\/div><div class=\"um-field-area\"><input  class=\"um-form-field valid \" type=\"number\" name=\"CP-16\" id=\"CP-16\" value=\"13600\" placeholder=\"\" data-validate=\"alpha_numeric\" data-key=\"CP\"   aria-invalid=\"false\" \/>\n\n\t\t\t\t\t\t<\/div><\/div><div  id=\"um_field_16_ville\" class=\"um-field um-field-text  um-field-ville um-field-text um-field-type_text\" data-key=\"ville\"><div class=\"um-field-label\"><label for=\"ville-16\">ville<span class=\"um-req\" title=\"Obligatoire\">*<\/span><\/label><span class=\"um-tip um-tip-w\" title=\"Entrer votre ville\"><i class=\"um-icon-help-circled\"><\/i><\/span><div class=\"um-clear\"><\/div><\/div><div class=\"um-field-area\"><input  autocomplete=\"off\" class=\"um-form-field valid \" type=\"text\" name=\"ville-16\" id=\"ville-16\" value=\"La Ciotat\" placeholder=\"\" data-validate=\"alphabetic\" data-key=\"ville\"  aria-invalid=\"false\" \/>\n\n\t\t\t\t\t\t<\/div><\/div><\/div><\/div><div class=\"um-row-heading\" style=\"margin: 0px 0px 30px 0px;margin-bottom: 0px;border-width: 0px 0px 0px 0px;border-style: solid;border-color: #1e73be;border-radius: 0px 0px 0px 0px;border-bottom-width: 0px;\">Comp\u00e9tences<\/div><div class=\"um-row _um_row_3 \" style=\"padding: 0px 0px 0px 0px;margin: 0px 0px 30px 0px;margin-top: 0px;border-width: 0px 0px 0px 0px;border-top-width: 0px;border-style: solid;border-color: #1e73be;border-radius: 0px 0px 0px 0px;\"><div class=\"um-col-1\"><div  id=\"um_field_16_competences\" class=\"um-field um-field-checkbox  um-field-competences um-field-checkbox um-field-type_checkbox\" data-key=\"competences\"  aria-invalid=\"false\" ><div class=\"um-field-area\"><label class=\"um-field-checkbox  um-field-half \"><input   type=\"checkbox\" name=\"competences[]\" value=\"Administration : Aide aux courriers, comptabilit\u00e9\u2026\"  \/><span class=\"um-field-checkbox-state\"><i class=\"um-icon-android-checkbox-outline-blank\"><\/i><\/span><span class=\"um-field-checkbox-option\">Administration : Aide aux courriers, comptabilit\u00e9\u2026<\/span><\/label><label class=\"um-field-checkbox  um-field-half  right \"><input   type=\"checkbox\" name=\"competences[]\" value=\"Administration : Droits et conseils juridiques\u2026\"  \/><span class=\"um-field-checkbox-state\"><i class=\"um-icon-android-checkbox-outline-blank\"><\/i><\/span><span class=\"um-field-checkbox-option\">Administration : Droits et conseils juridiques\u2026<\/span><\/label><div class=\"um-clear\"><\/div><label class=\"um-field-checkbox  um-field-half \"><input   type=\"checkbox\" name=\"competences[]\" value=\"Aide animaux : Garde animaux\"  \/><span class=\"um-field-checkbox-state\"><i class=\"um-icon-android-checkbox-outline-blank\"><\/i><\/span><span class=\"um-field-checkbox-option\">Aide animaux : Garde animaux<\/span><\/label><label class=\"um-field-checkbox  um-field-half  right \"><input   type=\"checkbox\" name=\"competences[]\" value=\"Aide animaux : Promenade animaux\"  \/><span class=\"um-field-checkbox-state\"><i class=\"um-icon-android-checkbox-outline-blank\"><\/i><\/span><span class=\"um-field-checkbox-option\">Aide animaux : Promenade animaux<\/span><\/label><div class=\"um-clear\"><\/div><label class=\"um-field-checkbox  um-field-half \"><input   type=\"checkbox\" name=\"competences[]\" value=\"Aide \u00e0 la personne : Manutention, emm\u00e9nagement, d\u00e9m\u00e9nagement, rangement\"  \/><span class=\"um-field-checkbox-state\"><i class=\"um-icon-android-checkbox-outline-blank\"><\/i><\/span><span class=\"um-field-checkbox-option\">Aide \u00e0 la personne : Manutention, emm\u00e9nagement, d\u00e9m\u00e9nagement, rangement<\/span><\/label><label class=\"um-field-checkbox  um-field-half  right \"><input   type=\"checkbox\" name=\"competences[]\" value=\"Aide \u00e0 la personne : Cuisine, m\u00e9nage,..\"  \/><span class=\"um-field-checkbox-state\"><i class=\"um-icon-android-checkbox-outline-blank\"><\/i><\/span><span class=\"um-field-checkbox-option\">Aide \u00e0 la personne : Cuisine, m\u00e9nage,..<\/span><\/label><div class=\"um-clear\"><\/div><label class=\"um-field-checkbox  um-field-half \"><input   type=\"checkbox\" name=\"competences[]\" value=\"Aide \u00e0 la personne : Lecture, loisirs\"  \/><span class=\"um-field-checkbox-state\"><i class=\"um-icon-android-checkbox-outline-blank\"><\/i><\/span><span class=\"um-field-checkbox-option\">Aide \u00e0 la personne : Lecture, loisirs<\/span><\/label><label class=\"um-field-checkbox  um-field-half  right \"><input   type=\"checkbox\" name=\"competences[]\" value=\"Aide aux enfants : Garde enfant, baby sitting\"  \/><span class=\"um-field-checkbox-state\"><i class=\"um-icon-android-checkbox-outline-blank\"><\/i><\/span><span class=\"um-field-checkbox-option\">Aide aux enfants : Garde enfant, baby sitting<\/span><\/label><div class=\"um-clear\"><\/div><label class=\"um-field-checkbox  um-field-half \"><input   type=\"checkbox\" name=\"competences[]\" value=\"Aide aux enfants : Soutien scolaire Fran\u00e7ais\"  \/><span class=\"um-field-checkbox-state\"><i class=\"um-icon-android-checkbox-outline-blank\"><\/i><\/span><span class=\"um-field-checkbox-option\">Aide aux enfants : Soutien scolaire Fran\u00e7ais<\/span><\/label><label class=\"um-field-checkbox  um-field-half  right \"><input   type=\"checkbox\" name=\"competences[]\" value=\"Aide aux enfants : Soutien scolaire langue \u00e9trang\u00e8re (\u00e0 pr\u00e9ciser)\"  \/><span class=\"um-field-checkbox-state\"><i class=\"um-icon-android-checkbox-outline-blank\"><\/i><\/span><span class=\"um-field-checkbox-option\">Aide aux enfants : Soutien scolaire langue \u00e9trang\u00e8re (\u00e0 pr\u00e9ciser)<\/span><\/label><div class=\"um-clear\"><\/div><label class=\"um-field-checkbox  um-field-half \"><input   type=\"checkbox\" name=\"competences[]\" value=\"Aide aux enfants : Soutien scolaire scientifique (\u00e0 pr\u00e9ciser)\"  \/><span class=\"um-field-checkbox-state\"><i class=\"um-icon-android-checkbox-outline-blank\"><\/i><\/span><span class=\"um-field-checkbox-option\">Aide aux enfants : Soutien scolaire scientifique (\u00e0 pr\u00e9ciser)<\/span><\/label><label class=\"um-field-checkbox  um-field-half  right \"><input   type=\"checkbox\" name=\"competences[]\" value=\"Bricolage : Electricit\u00e9\"  \/><span class=\"um-field-checkbox-state\"><i class=\"um-icon-android-checkbox-outline-blank\"><\/i><\/span><span class=\"um-field-checkbox-option\">Bricolage : Electricit\u00e9<\/span><\/label><div class=\"um-clear\"><\/div><label class=\"um-field-checkbox  um-field-half \"><input   type=\"checkbox\" name=\"competences[]\" value=\"Bricolage : Plomberie\"  \/><span class=\"um-field-checkbox-state\"><i class=\"um-icon-android-checkbox-outline-blank\"><\/i><\/span><span class=\"um-field-checkbox-option\">Bricolage : Plomberie<\/span><\/label><label class=\"um-field-checkbox  um-field-half  right \"><input   type=\"checkbox\" name=\"competences[]\" value=\"Bricolage : Petits travaux, montage de meubles\u2026\"  \/><span class=\"um-field-checkbox-state\"><i class=\"um-icon-android-checkbox-outline-blank\"><\/i><\/span><span class=\"um-field-checkbox-option\">Bricolage : Petits travaux, montage de meubles\u2026<\/span><\/label><div class=\"um-clear\"><\/div><label class=\"um-field-checkbox  um-field-half \"><input   type=\"checkbox\" name=\"competences[]\" value=\"Bricolage : Travaux de b\u00e2timent\"  \/><span class=\"um-field-checkbox-state\"><i class=\"um-icon-android-checkbox-outline-blank\"><\/i><\/span><span class=\"um-field-checkbox-option\">Bricolage : Travaux de b\u00e2timent<\/span><\/label><label class=\"um-field-checkbox  um-field-half  right \"><input   type=\"checkbox\" name=\"competences[]\" value=\"Conseils, intervention, d\u00e9pannage : Informatique\"  \/><span class=\"um-field-checkbox-state\"><i class=\"um-icon-android-checkbox-outline-blank\"><\/i><\/span><span class=\"um-field-checkbox-option\">Conseils, intervention, d\u00e9pannage : Informatique<\/span><\/label><div class=\"um-clear\"><\/div><label class=\"um-field-checkbox  um-field-half \"><input   type=\"checkbox\" name=\"competences[]\" value=\"Conseils, intervention, d\u00e9pannage : M\u00e9canique auto\"  \/><span class=\"um-field-checkbox-state\"><i class=\"um-icon-android-checkbox-outline-blank\"><\/i><\/span><span class=\"um-field-checkbox-option\">Conseils, intervention, d\u00e9pannage : M\u00e9canique auto<\/span><\/label><label class=\"um-field-checkbox  um-field-half  right \"><input   type=\"checkbox\" name=\"competences[]\" value=\"Conseils, intervention, d\u00e9pannage : M\u00e9canique bateau\"  \/><span class=\"um-field-checkbox-state\"><i class=\"um-icon-android-checkbox-outline-blank\"><\/i><\/span><span class=\"um-field-checkbox-option\">Conseils, intervention, d\u00e9pannage : M\u00e9canique bateau<\/span><\/label><div class=\"um-clear\"><\/div><label class=\"um-field-checkbox  um-field-half \"><input   type=\"checkbox\" name=\"competences[]\" value=\"Conseils, intervention, d\u00e9pannage : M\u00e9canique v\u00e9lo\"  \/><span class=\"um-field-checkbox-state\"><i class=\"um-icon-android-checkbox-outline-blank\"><\/i><\/span><span class=\"um-field-checkbox-option\">Conseils, intervention, d\u00e9pannage : M\u00e9canique v\u00e9lo<\/span><\/label><label class=\"um-field-checkbox  um-field-half  right \"><input   type=\"checkbox\" name=\"competences[]\" value=\"Conseils, intervention, d\u00e9pannage : Autres (\u00e0 pr\u00e9ciser)\"  \/><span class=\"um-field-checkbox-state\"><i class=\"um-icon-android-checkbox-outline-blank\"><\/i><\/span><span class=\"um-field-checkbox-option\">Conseils, intervention, d\u00e9pannage : Autres (\u00e0 pr\u00e9ciser)<\/span><\/label><div class=\"um-clear\"><\/div><label class=\"um-field-checkbox  um-field-half \"><input   type=\"checkbox\" name=\"competences[]\" value=\"Cours, Formation, Enseignement : Couture\"  \/><span class=\"um-field-checkbox-state\"><i class=\"um-icon-android-checkbox-outline-blank\"><\/i><\/span><span class=\"um-field-checkbox-option\">Cours, Formation, Enseignement : Couture<\/span><\/label><label class=\"um-field-checkbox  um-field-half  right \"><input   type=\"checkbox\" name=\"competences[]\" value=\"Cours, Formation, Enseignement : Cuisine\"  \/><span class=\"um-field-checkbox-state\"><i class=\"um-icon-android-checkbox-outline-blank\"><\/i><\/span><span class=\"um-field-checkbox-option\">Cours, Formation, Enseignement : Cuisine<\/span><\/label><div class=\"um-clear\"><\/div><label class=\"um-field-checkbox  um-field-half \"><input   type=\"checkbox\" name=\"competences[]\" value=\"Cours, Formation, Enseignement : Informatique\"  \/><span class=\"um-field-checkbox-state\"><i class=\"um-icon-android-checkbox-outline-blank\"><\/i><\/span><span class=\"um-field-checkbox-option\">Cours, Formation, Enseignement : Informatique<\/span><\/label><label class=\"um-field-checkbox  um-field-half  right \"><input   type=\"checkbox\" name=\"competences[]\" value=\"Cours, Formation, Enseignement : Musique\"  \/><span class=\"um-field-checkbox-state\"><i class=\"um-icon-android-checkbox-outline-blank\"><\/i><\/span><span class=\"um-field-checkbox-option\">Cours, Formation, Enseignement : Musique<\/span><\/label><div class=\"um-clear\"><\/div><label class=\"um-field-checkbox  um-field-half \"><input   type=\"checkbox\" name=\"competences[]\" value=\"Cours, Formation, Enseignement : Activit\u00e9 artistique\"  \/><span class=\"um-field-checkbox-state\"><i class=\"um-icon-android-checkbox-outline-blank\"><\/i><\/span><span class=\"um-field-checkbox-option\">Cours, Formation, Enseignement : Activit\u00e9 artistique<\/span><\/label><label class=\"um-field-checkbox  um-field-half  right \"><input   type=\"checkbox\" name=\"competences[]\" value=\"Jardinage : Conseils, Aide aux travaux du jardin, arrosage\"  \/><span class=\"um-field-checkbox-state\"><i class=\"um-icon-android-checkbox-outline-blank\"><\/i><\/span><span class=\"um-field-checkbox-option\">Jardinage : Conseils, Aide aux travaux du jardin, arrosage<\/span><\/label><div class=\"um-clear\"><\/div><label class=\"um-field-checkbox  um-field-half \"><input   type=\"checkbox\" name=\"competences[]\" value=\"Jardinage : Boutures\"  \/><span class=\"um-field-checkbox-state\"><i class=\"um-icon-android-checkbox-outline-blank\"><\/i><\/span><span class=\"um-field-checkbox-option\">Jardinage : Boutures<\/span><\/label><label class=\"um-field-checkbox  um-field-half  right \"><input   type=\"checkbox\" name=\"competences[]\" value=\"Jardinage : Cueillette\"  \/><span class=\"um-field-checkbox-state\"><i class=\"um-icon-android-checkbox-outline-blank\"><\/i><\/span><span class=\"um-field-checkbox-option\">Jardinage : Cueillette<\/span><\/label><div class=\"um-clear\"><\/div><label class=\"um-field-checkbox  um-field-half \"><input   type=\"checkbox\" name=\"competences[]\" value=\"Pr\u00eats : Outils bricolage\"  \/><span class=\"um-field-checkbox-state\"><i class=\"um-icon-android-checkbox-outline-blank\"><\/i><\/span><span class=\"um-field-checkbox-option\">Pr\u00eats : Outils bricolage<\/span><\/label><label class=\"um-field-checkbox  um-field-half  right \"><input   type=\"checkbox\" name=\"competences[]\" value=\"Pr\u00eats : Outils de jardinage\"  \/><span class=\"um-field-checkbox-state\"><i class=\"um-icon-android-checkbox-outline-blank\"><\/i><\/span><span class=\"um-field-checkbox-option\">Pr\u00eats : Outils de jardinage<\/span><\/label><div class=\"um-clear\"><\/div><label class=\"um-field-checkbox  um-field-half \"><input   type=\"checkbox\" name=\"competences[]\" value=\"Pr\u00eats : Objets et mobilier Petite enfance\"  \/><span class=\"um-field-checkbox-state\"><i class=\"um-icon-android-checkbox-outline-blank\"><\/i><\/span><span class=\"um-field-checkbox-option\">Pr\u00eats : Objets et mobilier Petite enfance<\/span><\/label><label class=\"um-field-checkbox  um-field-half  right \"><input   type=\"checkbox\" name=\"competences[]\" value=\"Pr\u00eats : Objets loisirs : v\u00e9lo, tente de camping\u2026.\"  \/><span class=\"um-field-checkbox-state\"><i class=\"um-icon-android-checkbox-outline-blank\"><\/i><\/span><span class=\"um-field-checkbox-option\">Pr\u00eats : Objets loisirs : v\u00e9lo, tente de camping\u2026.<\/span><\/label><div class=\"um-clear\"><\/div><label class=\"um-field-checkbox  um-field-half \"><input   type=\"checkbox\" name=\"competences[]\" value=\"Transport : Covoiturage, D\u00e9placement\"  \/><span class=\"um-field-checkbox-state\"><i class=\"um-icon-android-checkbox-outline-blank\"><\/i><\/span><span class=\"um-field-checkbox-option\">Transport : Covoiturage, D\u00e9placement<\/span><\/label><label class=\"um-field-checkbox  um-field-half  right \"><input   type=\"checkbox\" name=\"competences[]\" value=\"Transport : transport encombrants\"  \/><span class=\"um-field-checkbox-state\"><i class=\"um-icon-android-checkbox-outline-blank\"><\/i><\/span><span class=\"um-field-checkbox-option\">Transport : transport encombrants<\/span><\/label><div class=\"um-clear\"><\/div><label class=\"um-field-checkbox  um-field-half \"><input   type=\"checkbox\" name=\"competences[]\" value=\"Autres (\u00e0 compl\u00e9ter)\"  \/><span class=\"um-field-checkbox-state\"><i class=\"um-icon-android-checkbox-outline-blank\"><\/i><\/span><span class=\"um-field-checkbox-option\">Autres (\u00e0 compl\u00e9ter)<\/span><\/label><div class=\"um-clear\"><\/div><\/div><\/div><div  id=\"um_field_16_complement_competences\" class=\"um-field um-field-textarea  um-field-complement_competences um-field-textarea um-field-type_textarea\" data-key=\"complement_competences\"><div class=\"um-field-label\"><label for=\"complement_competences-16\">compl\u00e9ment d&#039;information<\/label><span class=\"um-tip um-tip-w\" title=\"compl\u00e9ter les informations si n\u00e9cessaire\"><i class=\"um-icon-help-circled\"><\/i><\/span><div class=\"um-clear\"><\/div><\/div><div class=\"um-field-area\"><textarea    style=\"height: 100px;\" class=\"um-form-field valid not-required \" name=\"complement_competences\" id=\"complement_competences\" placeholder=\"\"  aria-invalid=\"false\" ><\/textarea><\/div><\/div><\/div><\/div>\n<!-- This file should primarily consist of HTML with a little bit of PHP. -->\n<div class=\"um-field um-field-type_terms_conditions\" data-key=\"use_terms_conditions_agreement\" style=\"display:block;padding:0;\">\n\t<div class=\"um-field-area\">\n\t\t<div class=\"um-gdpr-content\" style=\"display:none;\">\n\t\t\t\n<p><\/p>\n\n\n\n<div data-wp-interactive=\"core\/file\" class=\"wp-block-file\"><a id=\"wp-block-file--media-80b25da3-a435-45c3-b24e-8a423a8ed0f4\" href=\"https:\/\/www.ciotatsel.ovh\/wp-content\/uploads\/2026\/02\/Politique-de-confidentialite-de-CiotatSel.pdf\">Politique de confidentialite\u0301 de CiotatSel<\/a><a href=\"https:\/\/www.ciotatsel.ovh\/wp-content\/uploads\/2026\/02\/Politique-de-confidentialite-de-CiotatSel.pdf\" class=\"wp-block-file__button wp-element-button\" download aria-describedby=\"wp-block-file--media-80b25da3-a435-45c3-b24e-8a423a8ed0f4\">T\u00e9l\u00e9charger<\/a><\/div>\n\t\t<\/div>\n\t\t<a href=\"javascript:void(0);\" class=\"um-toggle-gdpr\" data-toggle-state=\"hidden\"\n\t\t\tdata-toggle-show=\"Afficher la politique de confidentialit\u00e9\"\n\t\t\tdata-toggle-hide=\"Masquer la politique de confidentialit\u00e9\">\n\t\t\tAfficher la politique de confidentialit\u00e9\t\t<\/a>\n\t<\/div>\n\t<div class=\"um-field-area\">\n\t\t<label class=\"um-field-checkbox\">\n\t\t\t<input type=\"checkbox\" name=\"use_gdpr_agreement\" value=\"1\">\n\t\t\t<span class=\"um-field-checkbox-state\"><i class=\"um-icon-android-checkbox-outline-blank\"><\/i><\/span>\n\t\t\t<span class=\"um-field-checkbox-option\">Veuillez confirmer que vous acceptez notre politique de confidentialit\u00e9<\/span>\n\t\t<\/label>\n\t\t<div class=\"um-clear\"><\/div>\n\t\t\t\t<div class=\"um-clear\"><\/div>\n\t<\/div>\n<\/div>\n\t<input type=\"hidden\" name=\"form_id\" id=\"form_id_16\" value=\"16\" \/>\n\t\t<p class=\"um_request_name\">\n\t\t<label for=\"um_request_16\">Only fill in if you are not human<\/label>\n\t\t<input type=\"hidden\" name=\"um_request\" id=\"um_request_16\" class=\"input\" value=\"\" size=\"25\" autocomplete=\"off\" \/>\n\t<\/p>\n\t<input type=\"hidden\" id=\"_wpnonce\" name=\"_wpnonce\" value=\"dc73af9b17\" \/><input type=\"hidden\" name=\"_wp_http_referer\" value=\"\/index.php\/wp-json\/wp\/v2\/pages\/11\" \/>\n\t<div class=\"um-col-alt\">\n\n\t\t\n\t\t\t<div class=\"um-left um-half\">\n\t\t\t\t<input type=\"submit\" value=\"S\u2019inscrire\" class=\"um-button\" id=\"um-submit-btn\" \/>\n\t\t\t<\/div>\n\t\t\t<div class=\"um-right um-half\">\n\t\t\t\t<a href=\"https:\/\/www.ciotatsel.ovh\/index.php\/login\/\" class=\"um-button um-alt\">\n\t\t\t\t\tConnexion\t\t\t\t<\/a>\n\t\t\t<\/div>\n\n\t\t\n\t\t<div class=\"um-clear\"><\/div>\n\n\t<\/div>\n\n\t\t\t<\/form>\n\t<\/div>\n<\/div>\n<style>\n\t\t\t.um-16.um {\n\t\t\tmax-width: 450px;\n\t\t}\n\t\t<\/style>\n<\/span><\/strong><\/p>\n\n\n<p class=\"has-contrast-color has-text-color has-link-color wp-elements-60bf8c67e2b6a9a3c02661d382b116e1\"><\/p>\n","protected":false},"excerpt":{"rendered":"","protected":false},"author":1,"featured_media":0,"parent":0,"menu_order":0,"comment_status":"closed","ping_status":"closed","template":"","meta":{"_EventAllDay":false,"_EventTimezone":"","_EventStartDate":"","_EventEndDate":"","_EventStartDateUTC":"","_EventEndDateUTC":"","_EventShowMap":false,"_EventShowMapLink":false,"_EventURL":"","_EventCost":"","_EventCostDescription":"","_EventCurrencySymbol":"","_EventCurrencyCode":"","_EventCurrencyPosition":"","_EventDateTimeSeparator":"","_EventTimeRangeSeparator":"","_EventOrganizerID":[],"_EventVenueID":[],"_OrganizerEmail":"","_OrganizerPhone":"","_OrganizerWebsite":"","_VenueAddress":"","_VenueCity":"","_VenueCountry":"","_VenueProvince":"","_VenueState":"","_VenueZip":"","_VenuePhone":"","_VenueURL":"","_VenueStateProvince":"","_VenueLat":"","_VenueLng":"","_VenueShowMap":false,"_VenueShowMapLink":false,"footnotes":""},"class_list":["post-11","page","type-page","status-publish","hentry"],"_links":{"self":[{"href":"https:\/\/www.ciotatsel.ovh\/index.php\/wp-json\/wp\/v2\/pages\/11","targetHints":{"allow":["GET"]}}],"collection":[{"href":"https:\/\/www.ciotatsel.ovh\/index.php\/wp-json\/wp\/v2\/pages"}],"about":[{"href":"https:\/\/www.ciotatsel.ovh\/index.php\/wp-json\/wp\/v2\/types\/page"}],"author":[{"embeddable":true,"href":"https:\/\/www.ciotatsel.ovh\/index.php\/wp-json\/wp\/v2\/users\/1"}],"replies":[{"embeddable":true,"href":"https:\/\/www.ciotatsel.ovh\/index.php\/wp-json\/wp\/v2\/comments?post=11"}],"version-history":[{"count":8,"href":"https:\/\/www.ciotatsel.ovh\/index.php\/wp-json\/wp\/v2\/pages\/11\/revisions"}],"predecessor-version":[{"id":498,"href":"https:\/\/www.ciotatsel.ovh\/index.php\/wp-json\/wp\/v2\/pages\/11\/revisions\/498"}],"wp:attachment":[{"href":"https:\/\/www.ciotatsel.ovh\/index.php\/wp-json\/wp\/v2\/media?parent=11"}],"curies":[{"name":"wp","href":"https:\/\/api.w.org\/{rel}","templated":true}]}}