{"id":88,"date":"2025-02-27T20:28:53","date_gmt":"2025-02-27T19:28:53","guid":{"rendered":"http:\/\/xhhmvez.cluster021.hosting.ovh.net\/?page_id=88"},"modified":"2025-02-28T12:31:38","modified_gmt":"2025-02-28T11:31:38","slug":"ciotatsel-a-propos","status":"publish","type":"page","link":"https:\/\/www.ciotatsel.ovh\/index.php\/ciotatsel-a-propos\/","title":{"rendered":"CiotatSel &#8211; \u00e0 propos"},"content":{"rendered":"\n<p><\/p>\n\n\n\n<p><\/p>\n\n\n\n<h2 class=\"wp-block-heading has-text-align-center\">Nous<strong>&nbsp;avons tous quelque chose \u00e0 \u00e9changer, \u00e0 donner:<\/strong><em><br>un sourire, un coup de fil, un objet, un savoir ou un coup de main.&nbsp;<\/em><br>&nbsp;<\/h2>\n\n\n\n<p>Un syst\u00e8me d\u2019\u00e9change local (ou SEL) est un syst\u00e8me d\u2019\u00e9change de produits ou de services qui se font au sein d\u2019un groupe ferm\u00e9 (g\u00e9n\u00e9ralement associatif). Le SEL permet \u00e0 tout individu d\u2019\u00e9changer des comp\u00e9tences, des savoir-faire et des produits avec les autres membres du groupe. Chaque SEL est un groupe de personnes vivant dans un m\u00eame secteur g\u00e9ographique. Pour comptabiliser les \u00e9changes, le SEL cr\u00e9e sa propre monnaie, appel\u00e9e unit\u00e9 d\u2019\u00e9change, le plus souvent bas\u00e9e sur le temps (1 heure = 60 unit\u00e9s).<br>L\u2019association est locale : les membres peuvent se rencontrer facilement, se conna\u00eetre et d\u00e9velopper convivialit\u00e9 et confiance qui sont les valeurs fondamentales des SEL. Il en existe plus de 600 en France. Ils sont g\u00e9n\u00e9ralement class\u00e9s dans l\u2019\u00e9conomie sociale et solidaire.<\/p>\n\n\n\n<figure data-wp-context=\"{&quot;imageId&quot;:&quot;69f2c254e44cf&quot;}\" data-wp-interactive=\"core\/image\" data-wp-key=\"69f2c254e44cf\" class=\"wp-block-image wp-lightbox-container\"><img decoding=\"async\" data-wp-class--hide=\"state.isContentHidden\" data-wp-class--show=\"state.isContentVisible\" data-wp-init=\"callbacks.setButtonStyles\" data-wp-on--click=\"actions.showLightbox\" data-wp-on--load=\"callbacks.setButtonStyles\" data-wp-on-window--resize=\"callbacks.setButtonStyles\" src=\"https:\/\/ciotatsel13600.wordpress.com\/wp-content\/uploads\/2025\/01\/smajfdlktjokbw_kh_jyhd47i0y40600x764.jpg?w=600\" alt=\"\" class=\"wp-image-121\"\/><button\n\t\t\tclass=\"lightbox-trigger\"\n\t\t\ttype=\"button\"\n\t\t\taria-haspopup=\"dialog\"\n\t\t\taria-label=\"Agrandir\"\n\t\t\tdata-wp-init=\"callbacks.initTriggerButton\"\n\t\t\tdata-wp-on--click=\"actions.showLightbox\"\n\t\t\tdata-wp-style--right=\"state.imageButtonRight\"\n\t\t\tdata-wp-style--top=\"state.imageButtonTop\"\n\t\t>\n\t\t\t<svg xmlns=\"http:\/\/www.w3.org\/2000\/svg\" width=\"12\" height=\"12\" fill=\"none\" viewBox=\"0 0 12 12\">\n\t\t\t\t<path fill=\"#fff\" d=\"M2 0a2 2 0 0 0-2 2v2h1.5V2a.5.5 0 0 1 .5-.5h2V0H2Zm2 10.5H2a.5.5 0 0 1-.5-.5V8H0v2a2 2 0 0 0 2 2h2v-1.5ZM8 12v-1.5h2a.5.5 0 0 0 .5-.5V8H12v2a2 2 0 0 1-2 2H8Zm2-12a2 2 0 0 1 2 2v2h-1.5V2a.5.5 0 0 0-.5-.5H8V0h2Z\" \/>\n\t\t\t<\/svg>\n\t\t<\/button><\/figure>\n","protected":false},"excerpt":{"rendered":"<p>Nous&nbsp;avons tous quelque chose \u00e0 \u00e9changer, \u00e0 donner:un sourire, un coup de fil, un objet, un savoir ou un coup de main.&nbsp;&nbsp; Un syst\u00e8me d\u2019\u00e9change local (ou SEL) est un [&hellip;]<\/p>\n","protected":false},"author":1,"featured_media":0,"parent":0,"menu_order":0,"comment_status":"closed","ping_status":"closed","template":"","meta":{"_EventAllDay":false,"_EventTimezone":"","_EventStartDate":"","_EventEndDate":"","_EventStartDateUTC":"","_EventEndDateUTC":"","_EventShowMap":false,"_EventShowMapLink":false,"_EventURL":"","_EventCost":"","_EventCostDescription":"","_EventCurrencySymbol":"","_EventCurrencyCode":"","_EventCurrencyPosition":"","_EventDateTimeSeparator":"","_EventTimeRangeSeparator":"","_EventOrganizerID":[],"_EventVenueID":[],"_OrganizerEmail":"","_OrganizerPhone":"","_OrganizerWebsite":"","_VenueAddress":"","_VenueCity":"","_VenueCountry":"","_VenueProvince":"","_VenueState":"","_VenueZip":"","_VenuePhone":"","_VenueURL":"","_VenueStateProvince":"","_VenueLat":"","_VenueLng":"","_VenueShowMap":false,"_VenueShowMapLink":false,"footnotes":""},"class_list":["post-88","page","type-page","status-publish","hentry"],"_links":{"self":[{"href":"https:\/\/www.ciotatsel.ovh\/index.php\/wp-json\/wp\/v2\/pages\/88","targetHints":{"allow":["GET"]}}],"collection":[{"href":"https:\/\/www.ciotatsel.ovh\/index.php\/wp-json\/wp\/v2\/pages"}],"about":[{"href":"https:\/\/www.ciotatsel.ovh\/index.php\/wp-json\/wp\/v2\/types\/page"}],"author":[{"embeddable":true,"href":"https:\/\/www.ciotatsel.ovh\/index.php\/wp-json\/wp\/v2\/users\/1"}],"replies":[{"embeddable":true,"href":"https:\/\/www.ciotatsel.ovh\/index.php\/wp-json\/wp\/v2\/comments?post=88"}],"version-history":[{"count":1,"href":"https:\/\/www.ciotatsel.ovh\/index.php\/wp-json\/wp\/v2\/pages\/88\/revisions"}],"predecessor-version":[{"id":89,"href":"https:\/\/www.ciotatsel.ovh\/index.php\/wp-json\/wp\/v2\/pages\/88\/revisions\/89"}],"wp:attachment":[{"href":"https:\/\/www.ciotatsel.ovh\/index.php\/wp-json\/wp\/v2\/media?parent=88"}],"curies":[{"name":"wp","href":"https:\/\/api.w.org\/{rel}","templated":true}]}}